{"id":18,"date":"2017-10-26T16:34:35","date_gmt":"2017-10-26T16:34:35","guid":{"rendered":"http:\/\/timelessmoments.de\/?page_id=18"},"modified":"2019-12-31T12:20:48","modified_gmt":"2019-12-31T12:20:48","slug":"ueber-mich","status":"publish","type":"page","link":"http:\/\/timelessmoments.de\/?page_id=18","title":{"rendered":"\u00dcber mich"},"content":{"rendered":"<p>Mein Name ist Doris Holly und ich bin leidenschaftliche Hobbyfotografin. Mein Interesse an der Fotografie wurde bereits w\u00e4hrend meiner Kindheit geweckt, als ich zu meinem 11. Geburtstag eine &#8222;Polaroid-Sofortbildkamera&#8220; geschenkt bekam.&nbsp;<\/p>\n<p>Meiner Meinung nach ist f\u00fcr gute Bilder nicht die neueste und teuerste Ausr\u00fcstung erforderlich, vielmehr spielt der fotografische Blick und etwas Geduld die wichtigste Rolle.<\/p>\n<p>Fotografieren bedeutet f\u00fcr mich weitaus mehr als die Wiedergabe der Wirklichkeit. Mit meinen Bildern m\u00f6chte ich besonders meine Gedanken und Gef\u00fchle zum Ausdruck bringen. Fotografieren stellt f\u00fcr mich auch eine Art der Meditation dar &#8211; im Augenblick zu leben, die Gegenwart zu sch\u00e4tzen und das Leben zu genie\u00dfen!<\/p>\n<p>Am liebsten besch\u00e4ftige ich mich mit Detailaufnahmen von Pflanzen. Durch die Makrofotografie werden viele Einzelheiten sichtbar, die den meisten Menschen im Alltagsleben verborgen bleiben. Ferner habe ich in der letzten Zeit die abstrakte Kunstfotografie f\u00fcr mich neu entdeckt.<\/p>\n<p>Ausstellungen:<\/p>\n<ul>\n<li>Dez. 2017 bis April 2018:&nbsp; Garchinger U-Bahnhof \/ Landschafts- und Makrofotografien<\/li>\n<li>regelm\u00e4\u00dfige Teilnahme an Gemeinschaftsausstellungen des Camera-Club 77<\/li>\n<\/ul>\n<p>&nbsp;<\/p>\n<p>&nbsp;<\/p>\n<p>&nbsp;<\/p>\n<p>&nbsp;<\/p>\n","protected":false},"excerpt":{"rendered":"<p>Mein Name ist Doris Holly und ich bin leidenschaftliche Hobbyfotografin. Mein Interesse an der Fotografie wurde bereits w\u00e4hrend meiner Kindheit geweckt, als ich zu meinem 11. Geburtstag eine &#8222;Polaroid-Sofortbildkamera&#8220; geschenkt bekam.&nbsp; Meiner Meinung nach ist f\u00fcr gute Bilder nicht die neueste und teuerste Ausr\u00fcstung erforderlich, vielmehr spielt der fotografische Blick und etwas Geduld die wichtigste &hellip; <a href=\"http:\/\/timelessmoments.de\/?page_id=18\" class=\"more-link\"><span class=\"screen-reader-text\">&#8222;\u00dcber mich&#8220; <\/span>weiterlesen<\/a><\/p>\n","protected":false},"author":1,"featured_media":0,"parent":0,"menu_order":0,"comment_status":"closed","ping_status":"closed","template":"","meta":{"ngg_post_thumbnail":0},"_links":{"self":[{"href":"http:\/\/timelessmoments.de\/index.php?rest_route=\/wp\/v2\/pages\/18"}],"collection":[{"href":"http:\/\/timelessmoments.de\/index.php?rest_route=\/wp\/v2\/pages"}],"about":[{"href":"http:\/\/timelessmoments.de\/index.php?rest_route=\/wp\/v2\/types\/page"}],"author":[{"embeddable":true,"href":"http:\/\/timelessmoments.de\/index.php?rest_route=\/wp\/v2\/users\/1"}],"replies":[{"embeddable":true,"href":"http:\/\/timelessmoments.de\/index.php?rest_route=%2Fwp%2Fv2%2Fcomments&post=18"}],"version-history":[{"count":16,"href":"http:\/\/timelessmoments.de\/index.php?rest_route=\/wp\/v2\/pages\/18\/revisions"}],"predecessor-version":[{"id":697,"href":"http:\/\/timelessmoments.de\/index.php?rest_route=\/wp\/v2\/pages\/18\/revisions\/697"}],"wp:attachment":[{"href":"http:\/\/timelessmoments.de\/index.php?rest_route=%2Fwp%2Fv2%2Fmedia&parent=18"}],"curies":[{"name":"wp","href":"https:\/\/api.w.org\/{rel}","templated":true}]}}